{"id":215,"date":"2022-05-11T17:09:37","date_gmt":"2022-05-11T16:09:37","guid":{"rendered":"https:\/\/www.persentili.es\/?page_id=215"},"modified":"2022-05-11T17:24:19","modified_gmt":"2022-05-11T16:24:19","slug":"politica-de-privacidad","status":"publish","type":"page","link":"https:\/\/www.persentili.es\/?page_id=215","title":{"rendered":"Pol\u00edtica de privacidad"},"content":{"rendered":"\n<p><strong>POL\u00cdTICA DE PRIVACIDAD <\/strong><\/p>\n\n\n\n<p>En cumplimiento del RGPD (Reglamento General de Protecci\u00f3n de datos) y la Ley Org\u00e1nica Espa\u00f1ola 3\/2018,<strong> PERSENTILI INTERNACIONAL, S.L.U. <\/strong>&nbsp;informa a los usuarios que los datos de car\u00e1cter personal que proporcionen al emplear los formularios o requerimientos de contrato se recoger\u00e1n en ficheros responsabilidad de <strong>PERSENTILI INTERNACIONAL, S.L.U. <\/strong>&nbsp;y ser\u00e1n tratados con la finalidad de poder prestar e informar sobre los servicios o sobre los productos que <strong>PERSENTILI INTERNACIONAL, S.L.U. &nbsp;<\/strong>ofrece. El hecho de rellenar un formulario de este espacio web implica que el usuario reconoce que la informaci\u00f3n y los datos personales que nos indica son suyos, exactos y ciertos.<\/p>\n\n\n\n<p>1. \u00bfQui\u00e9n es el responsable del tratamiento de sus datos personales?<\/p>\n\n\n\n<p>Responsable del tratamiento: <strong>PERSENTILI INTERNACIONAL, S.L.U. &nbsp;<\/strong><\/p>\n\n\n\n<p>C\/ FREDERIC MOMPOU, 22 POL. IND. SUD 08440 CARDEDEU &#8211; BARCELONA<\/p>\n\n\n\n<p>Correo electr\u00f3nico: persentili @ persentili.es<\/p>\n\n\n\n<p>2. \u00bfCu\u00e1les son las finalidades para continuar tratando sus datos personales;<\/p>\n\n\n\n<p>Tratamos los datos personales de nuestros contactos, clientes y proveedores con la finalidad de gestionar la relaci\u00f3n comercial con nuestra organizaci\u00f3n y, en especial, los aspectos contractuales, el env\u00edo de informaci\u00f3n de nuestra organizaci\u00f3n y del sector, de la organizaci\u00f3n de actividades, campa\u00f1as o eventos y el env\u00edo de comunicaciones informativas y comerciales (incluyendo la v\u00eda electr\u00f3nica).<\/p>\n\n\n\n<p>3. \u00bfCu\u00e1nto tiempo conservaremos sus datos personales?<\/p>\n\n\n\n<p>Los datos personales se conservar\u00e1n durante el plazo de seis (6) a\u00f1os, de conformidad con la normativa contable vigente y, si procede, durante diez (10) a\u00f1os seg\u00fan la normativa de prevenci\u00f3n de blanqueo de capitales.<\/p>\n\n\n\n<p><br>En cualquier caso, <strong>PERSENTILI INTERNACIONAL, S.L.U. &nbsp;<\/strong>conservar\u00e1 sus datos personales mientras sean necesarios para la prestaci\u00f3n contractual de nuestra relaci\u00f3n, a menos que nos solicite su supresi\u00f3n. Asimismo, las conservar\u00e1 durante el periodo de tiempo necesario para dar cumplimiento a las obligaciones legales que en cada caso correspondan de acuerdo con la tipolog\u00eda de los datos.<\/p>\n\n\n\n<p>4. \u00bfCu\u00e1l es la legitimaci\u00f3n para el tratamiento de sus datos personales?<\/p>\n\n\n\n<p>La base leg\u00edtima para el tratamiento de datos personales es el inter\u00e9s mutuo y el consentimiento del usuario.<br><br><\/p>\n\n\n\n<p>5. \u00bfA qu\u00e9 destinatarios se comunicar\u00e1n sus datos personales?<\/p>\n\n\n\n<p>Los datos \u00fanicamente podr\u00e1n comunicarse a organizaciones terceras vinculadas con <strong>PERSENTILI INTERNACIONAL, S.L.U. &nbsp;<\/strong>en el \u00e1mbito de la gesti\u00f3n de sus productos y\/o servicios para las mismas finalidades referidas anteriormente, as\u00ed como a las Administraciones P\u00fablicas competentes, cuando as\u00ed lo exija la normativa vigente.<\/p>\n\n\n\n<p>Los empleados de <strong>PERSENTILI INTERNACIONAL, S.L.U. &nbsp;<\/strong>que disponen de derechos de acceso autorizado de acuerdo con la estructura de seguridad interna de <strong>PERSENTILI INTERNACIONAL, S.L.U. &nbsp;<\/strong>pueden acceder a sus datos personales con los objetivos y finalidades descritas en esta Pol\u00edtica de Privacidad. Todos los empleados de <strong>PERSENTILI INTERNACIONAL, S.L.U. &nbsp;<\/strong>han sido formados e informados de sus responsabilidades al respecto y firman el acuerdo de confidencialidad correspondiente. Igualmente, pueden acceder a sus datos, organizaciones terceras cuya intervenci\u00f3n sea requerida y\/o necesaria para la gesti\u00f3n adecuada de la prestaci\u00f3n del servicio.<\/p>\n\n\n\n<p><strong>PERSENTILI INTERNACIONAL, S.L.U. &nbsp;<\/strong>ha establecido contratos o acuerdos contractuales y medidas de seguridad con terceros, para garantizar el adecuado nivel de seguridad y de protecci\u00f3n de los datos personales a lo largo de la cadena relacionada.<\/p>\n\n\n\n<p>6. \u00bfCu\u00e1les son sus derechos en relaci\u00f3n con sus datos personales?<\/p>\n\n\n\n<p>Puede solicitar el acceso, rectificaci\u00f3n, supresi\u00f3n, limitaci\u00f3n al tratamiento, portabilidad y oposici\u00f3n al tratamiento de sus datos personales en cualquier momento.<\/p>\n\n\n\n<p>Podr\u00e1 revocar el consentimiento al env\u00edo de comunicaciones comerciales y ejercer los derechos referidos anteriormente, mediante el env\u00edo de un correo electr\u00f3nico a persentili @ persentili.es acompa\u00f1ado de la acreditaci\u00f3n documental de su identidad. Con la excepci\u00f3n que ya nos lo haya indicado con anterioridad mediante la opci\u00f3n de darse de baja que se encuentra al pie de los env\u00edos electr\u00f3nicos, en cuyo caso, ya disponemos de tal informaci\u00f3n.<\/p>\n\n\n\n<p>Si no obtiene una respuesta satisfactoria y desea formular una reclamaci\u00f3n u obtener m\u00e1s informaci\u00f3n al respecto de cualquier de esos derechos, puede dirigirse a la Agencia Espa\u00f1ola de Protecci\u00f3n de Datos (<a href=\"http:\/\/www.agpd.es\/\" target=\"_blank\" rel=\"noreferrer noopener\">www.agpd.es<\/a>).<\/p>\n\n\n\n<p>7. \u00bfCu\u00e1l es la relaci\u00f3n de informaci\u00f3n personal almacenada?<\/p>\n\n\n\n<p>Se guardan los datos b\u00e1sicos de identificaci\u00f3n y relaci\u00f3n para el env\u00edo de propuestas, informaci\u00f3n comercial, para crear facturas, como por ejemplo nombre, domicilio de env\u00edo, NIF\/CIF, n\u00famero de cuenta bancaria, si el cliente desea domiciliaci\u00f3n bancaria.<\/p>\n\n\n\n<p>8. \u00bfCu\u00e1l es la Pol\u00edtica de almacenamiento de los datos \/disponibilidad \/backups y su ubicaci\u00f3n?<\/p>\n\n\n\n<p>No se elimina informaci\u00f3n, a menos que sea solicitada supresi\u00f3n por parte del usuario y que esta supresi\u00f3n proceda (ver punto 3). Siempre est\u00e1 disponible, aunque puede estar bloqueada para env\u00edos informativos de marketing \/ comercial, si ejercitados los derechos de supresi\u00f3n, limitaci\u00f3n al tratamiento u oposici\u00f3n por parte del usuario.<\/p>\n\n\n\n<p>Se realizan copias de seguridad de los servidores que contienen datos, debidamente controladas y custodiadas.<\/p>\n\n\n\n<p><br>9. \u00bfCu\u00e1l es la Pol\u00edtica de privacidad y seguridad de la informaci\u00f3n y su acceso?<\/p>\n\n\n\n<p>El acceso a la base de datos est\u00e1 protegido mediante usuario y contrase\u00f1a.<\/p>\n\n\n\n<p>En el caso de acceso remoto, este se realiza mediante protocolo VPN<\/p>\n\n\n\n<p>10. \u00bfCu\u00e1l es la Pol\u00edtica de respuesta ante incidentes de seguridad y an\u00e1lisis de impacto?<\/p>\n\n\n\n<p><strong>PERSENTILI INTERNACIONAL, S.L.U. &nbsp;<\/strong>ha adoptado medidas de protecci\u00f3n t\u00e9cnica y organizativa apropiadas y estas medidas se han aplicado a los datos personales afectados por la potencial violaci\u00f3n de la seguridad de los datos personales. No hay acceso a datos de los clientes \/ usuarios para personas que no est\u00e9n autorizadas a acceder a ellos.<\/p>\n\n\n\n<p><strong>PERSENTILI INTERNACIONAL, S.L.U. &nbsp;<\/strong>ha llevado a cabo y mantiene actualizado un An\u00e1lisis de riesgos de la vulnerabilidad de los datos personales y su impacto sobre la seguridad de la intimidad de los clientes \/ usuarios.<\/p>\n\n\n\n<p>11. \u00bfCu\u00e1l es la Pol\u00edtica de borrado de informaci\u00f3n ante bajas de servicio?<\/p>\n\n\n\n<p><strong>PERSENTILI INTERNACIONAL, S.L.U. &nbsp;<\/strong>desactiva las cuentas de los clientes \/ usuarios que deciden darse de baja y que hayan ejercido su derecho a la supresi\u00f3n. En este caso, los datos del cliente \/ usuario quedar\u00e1n bloqueados y mantenidos por el tiempo requerido por normativa, exclusivamente para dar cuenta de las obligaciones legales que justifiquen la relaci\u00f3n pasada entre las partes.<\/p>\n\n\n\n<p>12. \u00bfQui\u00e9n es nuestro Responsable de Seguridad en materia de Protecci\u00f3n de datos?&nbsp;<\/p>\n\n\n\n<p><strong>PERSENTILI INTERNACIONAL, S.L.U. &nbsp;<\/strong>no tiene obligatoriedad legal de designar un DPD (Delegado de Protecci\u00f3n de datos), de acuerdo a la legislaci\u00f3n vigente.<\/p>\n\n\n\n<p>Independientemente de ello, <strong>PERSENTILI INTERNACIONAL, S.L.U. &nbsp;<\/strong>ha designado a una persona Responsable de Seguridad de los datos, a fin de velar por el correcto funcionamiento de esta Pol\u00edtica de Privacidad y de asegurar que se preservan sus requisitos en relaci\u00f3n a los datos personales de usuarios internos y externos a la organizaci\u00f3n. Puede contactar con nuestro Responsable de Seguridad de datos en persentili @ persentili.es<\/p>\n\n\n\n<p>En caso de que <strong>PERSENTILI INTERNACIONAL, S.L.U. &nbsp;<\/strong>identifique una violaci\u00f3n de seguridad de datos personales, los usuarios ser\u00e1n notificados a la mayor brevedad posible en relaci\u00f3n a la misma y, en caso de que fuese de riesgo importante, se notificar\u00eda igualmente a la autoridad competente.<\/p>\n\n\n\n<p>El usuario registrado conserva en todo momento la posibilidad de ejercitar sus derechos de acceso, rectificaci\u00f3n, oposici\u00f3n, supresi\u00f3n, tratamiento limitado, portabilidad u oposici\u00f3n al tratamiento de sus datos. As\u00ed mismo, y de conformidad con la Ley 34\/ 2002, de 1 de julio, de servicios de la sociedad de la informaci\u00f3n y comercio electr\u00f3nico, puede revocar en cualquier momento el consentimiento prestado a la recepci\u00f3n de comunicaciones comerciales. En caso de duda, as\u00ed como por ejercitar los derechos mencionados, puede dirigirse a <strong>PERSENTILI INTERNACIONAL, S.L.U. <\/strong>\u00a0mediante correo electr\u00f3nico persentili @ persentili.es o correo postal a Direcci\u00f3n: <strong>PERSENTILI INTERNACIONAL, S.L.U. \u00a0<\/strong>en C\/ FREDERIC MOMPOU, 22 POL. IND. SUD 08440 CARDEDEU &#8211; BARCELONA<\/p>\n\n\n\n<p><strong>LEGISLACI\u00d3N APLICABLE Y COMPETENCIA JUDICIAL<\/strong><\/p>\n\n\n\n<p>Cualquier controversia surgida en la interpretaci\u00f3n o la ejecuci\u00f3n de esta Pol\u00edtica de privacidad se interpretar\u00e1 a partir de la legislaci\u00f3n espa\u00f1ola. As\u00ed mismo, <strong>PERSENTILI INTERNACIONAL, S.L.U. &nbsp;<\/strong>a trav\u00e9s de su representaci\u00f3n legal i el usuario, renuncian a cualquier otra jurisdicci\u00f3n y se someten a la de los juzgados y tribunales del domicilio del usuario para cualquier controversia que pudiese suceder. El caso que le usuario tenga su domicilio fuera de Espa\u00f1a <strong>PERSENTILI INTERNACIONAL, S.L.U. <\/strong>&nbsp;y el usuario se someten a los juzgados y tribunales de la ciudad de Barcelona.<\/p>\n","protected":false},"excerpt":{"rendered":"<p>POL\u00cdTICA DE PRIVACIDAD En cumplimiento del RGPD (Reglamento General de Protecci\u00f3n de datos) y la Ley Org\u00e1nica Espa\u00f1ola 3\/2018, PERSENTILI INTERNACIONAL, S.L.U. &nbsp;informa a los usuarios que los datos de car\u00e1cter personal que proporcionen al emplear los formularios o requerimientos de contrato se recoger\u00e1n en ficheros responsabilidad de PERSENTILI INTERNACIONAL, S.L.U. &nbsp;y ser\u00e1n tratados con [&hellip;]<\/p>\n","protected":false},"author":1,"featured_media":0,"parent":126,"menu_order":0,"comment_status":"closed","ping_status":"closed","template":"","meta":[],"_links":{"self":[{"href":"https:\/\/www.persentili.es\/index.php?rest_route=\/wp\/v2\/pages\/215"}],"collection":[{"href":"https:\/\/www.persentili.es\/index.php?rest_route=\/wp\/v2\/pages"}],"about":[{"href":"https:\/\/www.persentili.es\/index.php?rest_route=\/wp\/v2\/types\/page"}],"author":[{"embeddable":true,"href":"https:\/\/www.persentili.es\/index.php?rest_route=\/wp\/v2\/users\/1"}],"replies":[{"embeddable":true,"href":"https:\/\/www.persentili.es\/index.php?rest_route=%2Fwp%2Fv2%2Fcomments&post=215"}],"version-history":[{"count":3,"href":"https:\/\/www.persentili.es\/index.php?rest_route=\/wp\/v2\/pages\/215\/revisions"}],"predecessor-version":[{"id":235,"href":"https:\/\/www.persentili.es\/index.php?rest_route=\/wp\/v2\/pages\/215\/revisions\/235"}],"up":[{"embeddable":true,"href":"https:\/\/www.persentili.es\/index.php?rest_route=\/wp\/v2\/pages\/126"}],"wp:attachment":[{"href":"https:\/\/www.persentili.es\/index.php?rest_route=%2Fwp%2Fv2%2Fmedia&parent=215"}],"curies":[{"name":"wp","href":"https:\/\/api.w.org\/{rel}","templated":true}]}}